{"id":222,"date":"2021-04-03T16:46:49","date_gmt":"2021-04-03T16:46:49","guid":{"rendered":"https:\/\/www.biiftuu.com\/?page_id=222"},"modified":"2022-04-29T11:39:07","modified_gmt":"2022-04-29T11:39:07","slug":"contact","status":"publish","type":"page","link":"https:\/\/www.biiftuu.com\/en\/contact\/","title":{"rendered":"CONTACT"},"content":{"rendered":"\t<div id=\"gap-1070138628\" class=\"gap-element clearfix\" style=\"display:block; height:auto;\">\n\t\t\n<style>\n#gap-1070138628 {\n  padding-top: 30px;\n}\n<\/style>\n\t<\/div>\n\t\n<div class=\"row row-large row-divided\"  id=\"row-852533009\">\n\n\t<div id=\"col-703286884\" class=\"col medium-6 small-12 large-6\"  >\n\t\t<div class=\"col-inner\"  >\n\t\t\t\n\t\t\t\n<div class=\"container section-title-container\" ><h3 class=\"section-title section-title-normal\"><b><\/b><span class=\"section-title-main\" >TURKEY OFFICE<\/span><b><\/b><\/h3><\/div>\n<p style=\"height:153.6px;\"><strong>Phone: <\/strong><a href=\"tel:+905416593121\">+90 541 659 31 21<\/a><br \/>\n<strong>Phone: <\/strong><a href=\"tel:+9021287586884\">+90 212 875 86 88<\/a><\/br><strong>E-mail:<\/strong> <a href=\"mailto:info@biiftuu.com\">info@biiftuu.com <\/a><br \/>\n<strong>Address: <\/strong>Balabana\u011fa Mah. Ahmet \u015euayip Sok. No 29A Laleli Fatih \u0130stanbul T\u00fcrkiye<\/p>\n<div class=\"social-icons follow-icons\" ><a href=\"https:\/\/www.facebook.com\/biiftuu.Turkey\" target=\"_blank\" data-label=\"Facebook\"  rel=\"noopener noreferrer nofollow\" class=\"icon button circle is-outline facebook tooltip\" title=\"Follow on Facebook\"><i class=\"icon-facebook\" ><\/i><\/a><a href=\"https:\/\/www.instagram.com\/biiftuugroup\/?hl=en\" target=\"_blank\" rel=\"noopener noreferrer nofollow\" data-label=\"Instagram\" class=\"icon button circle is-outline  instagram tooltip\" title=\"Follow on Instagram\"><i class=\"icon-instagram\" ><\/i><\/a><a href=\"tel:+905416593121\" target=\"_blank\"  data-label=\"Phone\"  rel=\"noopener noreferrer nofollow\" class=\"icon button circle is-outline  phone tooltip\" title=\"Call us\"><i class=\"icon-phone\" ><\/i><\/a><\/div>\n<div class=\"is-divider divider clearfix\" ><\/div>\n<p><iframe src=\"https:\/\/www.google.com\/maps\/embed?pb=!1m18!1m12!1m3!1d3010.6629441642262!2d28.95667131541413!3d41.01074997930054!2m3!1f0!2f0!3f0!3m2!1i1024!2i768!4f13.1!3m3!1m2!1s0x14cab98f2d78dab7%3A0x843f1b923b317df3!2sBalabana%C4%9Fa%2C%20Ahmet%20%C5%9Euayip%20Sk.%20No%3A29%2C%2034134%20Fatih%2F%C4%B0stanbul!5e0!3m2!1sen!2str!4v1643727872000!5m2!1sen!2str\" width=\"600\" height=\"250\" style=\"border:0;\" allowfullscreen=\"\" loading=\"lazy\"><\/iframe><\/p>\n\t\t<\/div>\n\t\t\t<\/div>\n\n\t\n\n\t<div id=\"col-1742843651\" class=\"col medium-6 small-12 large-6\"  >\n\t\t<div class=\"col-inner\"  >\n\t\t\t\n\t\t\t\n<div class=\"container section-title-container\" ><h3 class=\"section-title section-title-normal\"><b><\/b><span class=\"section-title-main\" >ETHIOPIA OFFICE<\/span><b><\/b><\/h3><\/div>\n<p style=\"height:153.6px;\"><strong>Phone:<\/strong><a href=\"tel:+251118360162\">+251 11 836 0162<\/a><br \/><strong>Phone:<\/strong><a href=\"tel:+251946233232\">+251 94 623 3232<\/a><br \/><strong>E-mail:<\/strong> <a href = \"mailto:info@biiftuu.com\">info@biiftuu.com<\/a><strong><\/br>Address: <\/strong>Bole Medhnialem Selam City Mall 4th Flour No 406 Addis Ababa<\/p>\n<div class=\"social-icons follow-icons\" ><a href=\"https:\/\/www.facebook.com\/biiftuu.Turkey\" target=\"_blank\" data-label=\"Facebook\"  rel=\"noopener noreferrer nofollow\" class=\"icon button circle is-outline facebook tooltip\" title=\"Follow on Facebook\"><i class=\"icon-facebook\" ><\/i><\/a><a href=\"https:\/\/www.instagram.com\/biiftuu2018\/?hl=en\" target=\"_blank\" rel=\"noopener noreferrer nofollow\" data-label=\"Instagram\" class=\"icon button circle is-outline  instagram tooltip\" title=\"Follow on Instagram\"><i class=\"icon-instagram\" ><\/i><\/a><a href=\"tel:+251118360162\" target=\"_blank\"  data-label=\"Phone\"  rel=\"noopener noreferrer nofollow\" class=\"icon button circle is-outline  phone tooltip\" title=\"Call us\"><i class=\"icon-phone\" ><\/i><\/a><\/div>\n<div class=\"is-divider divider clearfix\" ><\/div>\n<p><iframe src=\"https:\/\/www.google.com\/maps\/embed?pb=!1m18!1m12!1m3!1d3940.770503259365!2d38.78911821478629!3d8.9932532935457!2m3!1f0!2f0!3f0!3m2!1i1024!2i768!4f13.1!3m3!1m2!1s0x164b84e2ea3fb15f%3A0x1b4a09ca2f90323c!2sSelam%20City%20Mall!5e0!3m2!1sen!2str!4v1643728500297!5m2!1sen!2str\" width=\"600\" height=\"250\" style=\"border:0;\" allowfullscreen=\"\" loading=\"lazy\"><\/iframe><\/p>\n\t\t<\/div>\n\t\t\t<\/div>\n\n\t\n<\/div>\n\t<section class=\"section dark\" id=\"section_557201818\">\n\t\t<div class=\"bg section-bg fill bg-fill  \" >\n\n\t\t\t\n\t\t\t<div class=\"section-bg-overlay absolute fill\"><\/div>\n\t\t\t\n\n\t\t<\/div>\n\n\t\t<div class=\"section-content relative\">\n\t\t\t\n<div class=\"row\"  id=\"row-137966813\">\n\n\t<div id=\"col-275256949\" class=\"col small-12 large-12\"  >\n\t\t<div class=\"col-inner\"  >\n\t\t\t\n\t\t\t\n<div class=\"container section-title-container\" ><h3 class=\"section-title section-title-normal\"><b><\/b><span class=\"section-title-main\" >SEND US YOUR QUESTIONS AND RECOMMENDATIONS<\/span><b><\/b><\/h3><\/div>\n\t\t<\/div>\n\t\t\n<style>\n#col-275256949 > .col-inner {\n  padding: 0px 0px 0px 0px;\n  margin: 0px 0px -47px 0px;\n}\n<\/style>\n\t<\/div>\n\n\t\n\n<style>\n#row-137966813 > .col > .col-inner {\n  padding: 0px 3px 0px 4px;\n}\n<\/style>\n<\/div>\n<div class=\"row\"  id=\"row-2142451793\">\n\n\t<div id=\"col-1830697181\" class=\"col small-12 large-12\"  >\n\t\t<div class=\"col-inner\"  >\n\t\t\t\n\t\t\t\n\n<div class=\"wpcf7 no-js\" id=\"wpcf7-f760-o1\" lang=\"en-US\" dir=\"ltr\">\n<div class=\"screen-reader-response\"><p role=\"status\" aria-live=\"polite\" aria-atomic=\"true\"><\/p> <ul><\/ul><\/div>\n<form action=\"\/en\/wp-json\/wp\/v2\/pages\/222#wpcf7-f760-o1\" method=\"post\" class=\"wpcf7-form init\" aria-label=\"Contact form\" novalidate=\"novalidate\" data-status=\"init\">\n<div style=\"display: none;\">\n<input type=\"hidden\" name=\"_wpcf7\" value=\"760\" \/>\n<input type=\"hidden\" name=\"_wpcf7_version\" value=\"5.8.7\" \/>\n<input type=\"hidden\" name=\"_wpcf7_locale\" value=\"en_US\" \/>\n<input type=\"hidden\" name=\"_wpcf7_unit_tag\" value=\"wpcf7-f760-o1\" \/>\n<input type=\"hidden\" name=\"_wpcf7_container_post\" value=\"0\" \/>\n<input type=\"hidden\" name=\"_wpcf7_posted_data_hash\" value=\"\" \/>\n<\/div>\n<p><label> Name<br \/>\n<span class=\"wpcf7-form-control-wrap\" data-name=\"your-name\"><input size=\"40\" class=\"wpcf7-form-control wpcf7-text wpcf7-validates-as-required\" aria-required=\"true\" aria-invalid=\"false\" value=\"\" type=\"text\" name=\"your-name\" \/><\/span> <\/label>\n<\/p>\n<p><label> Your Email Address<br \/>\n<span class=\"wpcf7-form-control-wrap\" data-name=\"your-email\"><input size=\"40\" class=\"wpcf7-form-control wpcf7-email wpcf7-validates-as-required wpcf7-text wpcf7-validates-as-email\" aria-required=\"true\" aria-invalid=\"false\" value=\"\" type=\"email\" name=\"your-email\" \/><\/span> <\/label>\n<\/p>\n<p><label> Subject<br \/>\n<span class=\"wpcf7-form-control-wrap\" data-name=\"your-subject\"><input size=\"40\" class=\"wpcf7-form-control wpcf7-text wpcf7-validates-as-required\" aria-required=\"true\" aria-invalid=\"false\" value=\"\" type=\"text\" name=\"your-subject\" \/><\/span> <\/label>\n<\/p>\n<p><label> Message (Optional)<br \/>\n<span class=\"wpcf7-form-control-wrap\" data-name=\"your-message\"><textarea cols=\"40\" rows=\"10\" class=\"wpcf7-form-control wpcf7-textarea\" aria-invalid=\"false\" name=\"your-message\"><\/textarea><\/span> <\/label>\n<\/p>\n<p><input class=\"wpcf7-form-control wpcf7-submit has-spinner\" type=\"submit\" value=\"SEND\" \/>\n<\/p><div class=\"wpcf7-response-output\" aria-hidden=\"true\"><\/div>\n<\/form>\n<\/div>\n\n\t\t<\/div>\n\t\t\t<\/div>\n\n\t\n<\/div>\n\t\t<\/div>\n\n\t\t\n<style>\n#section_557201818 {\n  padding-top: 30px;\n  padding-bottom: 30px;\n}\n#section_557201818 .section-bg-overlay {\n  background-color: rgba(232, 90, 28, 0.738);\n}\n#section_557201818 .section-bg.bg-loaded {\n  background-image: url(https:\/\/www.biiftuu.com\/wp-content\/uploads\/2021\/03\/eyew.jpg);\n}\n<\/style>\n\t<\/section>\n\t\n","protected":false},"excerpt":{"rendered":"","protected":false},"author":1,"featured_media":0,"parent":0,"menu_order":0,"comment_status":"closed","ping_status":"closed","template":"page-blank.php","meta":{"inline_featured_image":false,"footnotes":""},"class_list":["post-222","page","type-page","status-publish","hentry"],"yoast_head":"<!-- This site is optimized with the Yoast SEO plugin v22.0 - https:\/\/yoast.com\/wordpress\/plugins\/seo\/ -->\n<title>CONTACT - Biiftuu Business Group Tourism and Foreign<\/title>\n<meta name=\"robots\" content=\"index, follow, max-snippet:-1, max-image-preview:large, max-video-preview:-1\" \/>\n<link rel=\"canonical\" href=\"https:\/\/www.biiftuu.com\/iletisim\/\" \/>\n<meta property=\"og:locale\" content=\"en_US\" \/>\n<meta property=\"og:type\" content=\"article\" \/>\n<meta property=\"og:title\" content=\"CONTACT - Biiftuu Business Group Tourism and Foreign\" \/>\n<meta property=\"og:url\" content=\"https:\/\/www.biiftuu.com\/iletisim\/\" \/>\n<meta property=\"og:site_name\" content=\"Biiftuu Business Group Tourism and Foreign\" \/>\n<meta property=\"article:modified_time\" content=\"2022-04-29T11:39:07+00:00\" \/>\n<meta name=\"twitter:card\" content=\"summary_large_image\" \/>\n<meta name=\"twitter:label1\" content=\"Est. reading time\" \/>\n\t<meta name=\"twitter:data1\" content=\"1 minute\" \/>\n<script type=\"application\/ld+json\" class=\"yoast-schema-graph\">{\"@context\":\"https:\/\/schema.org\",\"@graph\":[{\"@type\":\"WebPage\",\"@id\":\"https:\/\/www.biiftuu.com\/iletisim\/\",\"url\":\"https:\/\/www.biiftuu.com\/iletisim\/\",\"name\":\"CONTACT - Biiftuu Business Group Tourism and Foreign\",\"isPartOf\":{\"@id\":\"https:\/\/www.biiftuu.com\/#website\"},\"datePublished\":\"2021-04-03T16:46:49+00:00\",\"dateModified\":\"2022-04-29T11:39:07+00:00\",\"breadcrumb\":{\"@id\":\"https:\/\/www.biiftuu.com\/iletisim\/#breadcrumb\"},\"inLanguage\":\"en-US\",\"potentialAction\":[{\"@type\":\"ReadAction\",\"target\":[\"https:\/\/www.biiftuu.com\/iletisim\/\"]}]},{\"@type\":\"BreadcrumbList\",\"@id\":\"https:\/\/www.biiftuu.com\/iletisim\/#breadcrumb\",\"itemListElement\":[{\"@type\":\"ListItem\",\"position\":1,\"name\":\"Anasayfa\",\"item\":\"https:\/\/www.biiftuu.com\/en\/\"},{\"@type\":\"ListItem\",\"position\":2,\"name\":\"CONTACT\"}]},{\"@type\":\"WebSite\",\"@id\":\"https:\/\/www.biiftuu.com\/#website\",\"url\":\"https:\/\/www.biiftuu.com\/\",\"name\":\"Biiftuu Business Group Tourism and Foreign\",\"description\":\"\",\"publisher\":{\"@id\":\"https:\/\/www.biiftuu.com\/#organization\"},\"potentialAction\":[{\"@type\":\"SearchAction\",\"target\":{\"@type\":\"EntryPoint\",\"urlTemplate\":\"https:\/\/www.biiftuu.com\/?s={search_term_string}\"},\"query-input\":\"required name=search_term_string\"}],\"inLanguage\":\"en-US\"},{\"@type\":\"Organization\",\"@id\":\"https:\/\/www.biiftuu.com\/#organization\",\"name\":\"Biiftuu Business Group Tourism and Foreign\",\"url\":\"https:\/\/www.biiftuu.com\/\",\"logo\":{\"@type\":\"ImageObject\",\"inLanguage\":\"en-US\",\"@id\":\"https:\/\/www.biiftuu.com\/#\/schema\/logo\/image\/\",\"url\":\"https:\/\/www.biiftuu.com\/wp-content\/uploads\/2021\/04\/BIIFTUU-1.png\",\"contentUrl\":\"https:\/\/www.biiftuu.com\/wp-content\/uploads\/2021\/04\/BIIFTUU-1.png\",\"width\":700,\"height\":160,\"caption\":\"Biiftuu Business Group Tourism and Foreign\"},\"image\":{\"@id\":\"https:\/\/www.biiftuu.com\/#\/schema\/logo\/image\/\"}}]}<\/script>\n<!-- \/ Yoast SEO plugin. -->","yoast_head_json":{"title":"CONTACT - Biiftuu Business Group Tourism and Foreign","robots":{"index":"index","follow":"follow","max-snippet":"max-snippet:-1","max-image-preview":"max-image-preview:large","max-video-preview":"max-video-preview:-1"},"canonical":"https:\/\/www.biiftuu.com\/iletisim\/","og_locale":"en_US","og_type":"article","og_title":"CONTACT - Biiftuu Business Group Tourism and Foreign","og_url":"https:\/\/www.biiftuu.com\/iletisim\/","og_site_name":"Biiftuu Business Group Tourism and Foreign","article_modified_time":"2022-04-29T11:39:07+00:00","twitter_card":"summary_large_image","twitter_misc":{"Est. reading time":"1 minute"},"schema":{"@context":"https:\/\/schema.org","@graph":[{"@type":"WebPage","@id":"https:\/\/www.biiftuu.com\/iletisim\/","url":"https:\/\/www.biiftuu.com\/iletisim\/","name":"CONTACT - Biiftuu Business Group Tourism and Foreign","isPartOf":{"@id":"https:\/\/www.biiftuu.com\/#website"},"datePublished":"2021-04-03T16:46:49+00:00","dateModified":"2022-04-29T11:39:07+00:00","breadcrumb":{"@id":"https:\/\/www.biiftuu.com\/iletisim\/#breadcrumb"},"inLanguage":"en-US","potentialAction":[{"@type":"ReadAction","target":["https:\/\/www.biiftuu.com\/iletisim\/"]}]},{"@type":"BreadcrumbList","@id":"https:\/\/www.biiftuu.com\/iletisim\/#breadcrumb","itemListElement":[{"@type":"ListItem","position":1,"name":"Anasayfa","item":"https:\/\/www.biiftuu.com\/en\/"},{"@type":"ListItem","position":2,"name":"CONTACT"}]},{"@type":"WebSite","@id":"https:\/\/www.biiftuu.com\/#website","url":"https:\/\/www.biiftuu.com\/","name":"Biiftuu Business Group Tourism and Foreign","description":"","publisher":{"@id":"https:\/\/www.biiftuu.com\/#organization"},"potentialAction":[{"@type":"SearchAction","target":{"@type":"EntryPoint","urlTemplate":"https:\/\/www.biiftuu.com\/?s={search_term_string}"},"query-input":"required name=search_term_string"}],"inLanguage":"en-US"},{"@type":"Organization","@id":"https:\/\/www.biiftuu.com\/#organization","name":"Biiftuu Business Group Tourism and Foreign","url":"https:\/\/www.biiftuu.com\/","logo":{"@type":"ImageObject","inLanguage":"en-US","@id":"https:\/\/www.biiftuu.com\/#\/schema\/logo\/image\/","url":"https:\/\/www.biiftuu.com\/wp-content\/uploads\/2021\/04\/BIIFTUU-1.png","contentUrl":"https:\/\/www.biiftuu.com\/wp-content\/uploads\/2021\/04\/BIIFTUU-1.png","width":700,"height":160,"caption":"Biiftuu Business Group Tourism and Foreign"},"image":{"@id":"https:\/\/www.biiftuu.com\/#\/schema\/logo\/image\/"}}]}},"_links":{"self":[{"href":"https:\/\/www.biiftuu.com\/en\/wp-json\/wp\/v2\/pages\/222","targetHints":{"allow":["GET"]}}],"collection":[{"href":"https:\/\/www.biiftuu.com\/en\/wp-json\/wp\/v2\/pages"}],"about":[{"href":"https:\/\/www.biiftuu.com\/en\/wp-json\/wp\/v2\/types\/page"}],"author":[{"embeddable":true,"href":"https:\/\/www.biiftuu.com\/en\/wp-json\/wp\/v2\/users\/1"}],"replies":[{"embeddable":true,"href":"https:\/\/www.biiftuu.com\/en\/wp-json\/wp\/v2\/comments?post=222"}],"version-history":[{"count":48,"href":"https:\/\/www.biiftuu.com\/en\/wp-json\/wp\/v2\/pages\/222\/revisions"}],"predecessor-version":[{"id":1166,"href":"https:\/\/www.biiftuu.com\/en\/wp-json\/wp\/v2\/pages\/222\/revisions\/1166"}],"wp:attachment":[{"href":"https:\/\/www.biiftuu.com\/en\/wp-json\/wp\/v2\/media?parent=222"}],"curies":[{"name":"wp","href":"https:\/\/api.w.org\/{rel}","templated":true}]}}